{"id":8360,"date":"2022-05-04T12:39:52","date_gmt":"2022-05-04T10:39:52","guid":{"rendered":"http:\/\/campingtelis.com\/laws\/"},"modified":"2023-05-22T15:14:22","modified_gmt":"2023-05-22T13:14:22","slug":"laws","status":"publish","type":"page","link":"https:\/\/campingtelis.com\/en\/laws\/","title":{"rendered":"Laws"},"content":{"rendered":"<div class=\"fusion-fullwidth fullwidth-box fusion-builder-row-1 fusion-flex-container nonhundred-percent-fullwidth non-hundred-percent-height-scrolling\" style=\"--awb-border-radius-top-left:0px;--awb-border-radius-top-right:0px;--awb-border-radius-bottom-right:0px;--awb-border-radius-bottom-left:0px;--awb-padding-top:8rem;--awb-padding-right:15rem;--awb-padding-left:15rem;--awb-padding-top-medium:3rem;--awb-padding-right-medium:1.5rem;--awb-padding-left-medium:1.5rem;--awb-padding-top-small:3rem;--awb-padding-right-small:1.5rem;--awb-padding-left-small:1.5rem;--awb-flex-wrap:wrap;\" ><div class=\"fusion-builder-row fusion-row fusion-flex-align-items-flex-start fusion-flex-content-wrap\" style=\"max-width:104%;margin-left: calc(-4% \/ 2 );margin-right: calc(-4% \/ 2 );\"><div class=\"fusion-layout-column fusion_builder_column fusion-builder-column-0 fusion_builder_column_1_1 1_1 fusion-flex-column\" style=\"--awb-bg-size:cover;--awb-width-large:100%;--awb-margin-top-large:0px;--awb-spacing-right-large:1.92%;--awb-margin-bottom-large:20px;--awb-spacing-left-large:1.92%;--awb-width-medium:100%;--awb-order-medium:0;--awb-spacing-right-medium:1.92%;--awb-spacing-left-medium:1.92%;--awb-width-small:100%;--awb-order-small:0;--awb-spacing-right-small:1.92%;--awb-spacing-left-small:1.92%;\"><div class=\"fusion-column-wrapper fusion-column-has-shadow fusion-flex-justify-content-flex-start fusion-content-layout-column\"><div class=\"fusion-text fusion-text-1\" style=\"--awb-text-transform:none;\"><header class=\"wfg-main \">\n<h2 class=\"com-typo__title\">Premessa<\/h2>\n<\/header>\n<section class=\"com-typo clearfix\">\n<h3 class=\"com-typo__subtitle\">Premessa<\/h3>\n<p class=\"page-fallback__text\"><strong>In.Tur. srl \/ Camping Telis<\/strong> ha realizzato il presente Sito Internet con l&#8217;obbiettivo di informare ed offrire servizi agli Utenti ed ai Clienti<\/p>\n<h5 class=\"com-typo__subtitle\">Condizioni<\/h5>\n<p class=\"page-fallback__text\">L&#8217;accesso a queste pagine implica per l&#8217;utente l&#8217;accettazione delle seguenti condizioni:<br \/>\n&#8211; la documentazione, le immagini, i marchi e quant&#8217;altro pubblicato e riprodotto su queste pagine \u00e8 di propriet\u00e0 de <strong>In.Tur. srl \/ Camping Telis<\/strong> e dei rispettivi proprietari;<br \/>\n&#8211; nessuna responsabilit\u00e0 \u00e8 assunta, riguardo al contenuto di queste pagine ed all&#8217;uso che terzi ne potranno fare;<br \/>\n&#8211; questo sito \u00e8 protetto da apparati informativi per evitare la perdita, l&#8217;abuso e l&#8217;alterazione delle informazioni;<br \/>\n&#8211; questo sito contiene links ad altri siti web. non \u00e8 responsabile n\u00e9 per il contenuto n\u00e9 per la politica sulla privacy e sulla sicurezza adottata da tali siti.<\/p>\n<h5 class=\"com-typo__subtitle\">Copyright<\/h5>\n<p class=\"page-fallback__text\">I contenuti pubblicati sul Sito, sia il testo, la grafica, i files, le tabelle, le immagini e le informazioni, sono protetti dalla vigente normativa recante disposizioni sul diritto d&#8217;autore (Legge n. 633\/41) e sui diritti di propriet\u00e0 industriale. I contenuti del Sito sono disponibili per un uso esclusivamente personale; invero, nessun contenuto pu\u00f2 essere copiato, riprodotto, pubblicato, scaricato, spedito, ritrasmesso oppure distribuito in qualsiasi modo, salvo il caso di semplice registrazione su terminale per proprio uso personale ed a fini non commerciali; anche nel caso consentito di utilizzo per uso personale, devono essere mantenute integre le relative indicazioni e\/o menzioni di propriet\u00e0 del contenuto utilizzato. Ogni prodotto o societ\u00e0 menzionati in questo sito sono marchi dei rispettivi proprietari o titolari e possono essere protetti da brevetti e\/o copyright concessi o registrati dalle autorit\u00e0 preposte. Possono quindi essere scaricati o utilizzati solo per uso personale e non commerciale: pertanto nulla, neppure in parte, potr\u00e0 essere copiato, modificato o rivenduto per fini di lucro o per trarne qualsivoglia utilit\u00e0. E&#8217; vietato l&#8217;utilizzo, la pubblicazione, la distribuzione, l&#8217;inclusione dei contenuti pubblicati nel Sito in altri siti Internet, salvo giusta autorizzazione dei titolari dei diritti sui contenuti stessi. Il Sito pu\u00f2 contenere collegamenti ipertestuali ad altri siti Internet. In questo caso, In.Tur. srl \/ Camping Telis non esercita alcun controllo sui contenuti di detti siti e, di conseguenza, non assume alcuna responsabilit\u00e0 in merito alla relativa veridicit\u00e0, attendibilit\u00e0, accuratezza, completezza ed aggiornamento.<\/p>\n<h5 class=\"com-typo__subtitle\">Limitazione di Responsabilit\u00e0<\/h5>\n<p class=\"page-fallback__text\"><strong>In.Tur. srl \/ Camping Telis<\/strong> declina ogni responsabilit\u00e0 per qualunque danno, sia esso diretto, incidentale, consequenziale o indiretto, nonch\u00e9 per perdite o per danneggiamento di dati, perdita di profitti, avviamento, affari od opportunit\u00e0, che sono derivanti dall&#8217;accesso al Sito, o dal suo utilizzo, in altre parole dall&#8217;impossibilit\u00e0 di utilizzo del Sito o dei contenuti ivi pubblicati ed ancora dall&#8217;accesso a siti terzi resi disponibili tramite collegamenti ipertestuali, o dal relativo utilizzo, in altre parole dall&#8217;impossibilit\u00e0 di utilizzo degli stessi o dei contenuti ivi pubblicati.<\/p>\n<p class=\"page-fallback__text\">Non operando controlli di alcun genere sui contenuti pubblicati, non pu\u00f2 essere ritenuta responsabile, in alcun modo, per eventuali atti illeciti commessi attraverso il Sito. si impegna, in ogni caso, a rimuovere con la massima sollecitudine consentita, a seguito di apposite segnalazioni, i contenuti ritenuti lesivi a proprio insindacabile giudizio o, comunque, dichiarati tali con provvedimento dell\u2019Autorit\u00e0 Giudiziaria.<\/p>\n<p class=\"page-fallback__text\">La presente sezione del Sito pu\u00f2 essere modificata in qualsiasi momento. E&#8217; onere degli Utenti prenderne costante visione. L&#8217;utilizzo del Sito costituisce comportamento concludente avente valore di piena ed incondizionata accettazione delle clausole sopra riportate.<\/p>\n<h5 class=\"com-typo__subtitle\">Legge applicabile e foro competente<\/h5>\n<p class=\"page-fallback__text\">Per qualsiasi controversia che dovesse insorgere in merito al presente documento sar\u00e0 competente il Foro di appartenenza ed applicabili le leggi ed i regolamenti previsti dall&#8217;ordinamento italiano.<\/p>\n<h5 class=\"com-typo__subtitle\">Utilizzo del sito<\/h5>\n<p class=\"page-fallback__text\">In nessun caso <strong>In.Tur. srl \/ Camping Telis<\/strong> potr\u00e0 essere ritenuta responsabile dei danni di qualsiasi natura causati direttamente o indirettamente dall&#8217;accesso al sito, dall&#8217;incapacit\u00e0 o impossibilit\u00e0 di accedervi, dal Vostro affidamento ed utilizzo in merito alle notizie in esso contenute. <strong>In.Tur. srl \/ Camping Telis<\/strong> inserir\u00e0 nel sito informazioni aggiornate, ma non garantisce circa la loro completezza od accuratezza. <strong>In.Tur. srl \/ Camping Telis<\/strong> si riserva il diritto di modificare i contenuti del Sito e delle Note Legali in qualsiasi momento e senza alcun preavviso.<\/p>\n<h5 class=\"com-typo__subtitle\">Accesso ai siti esterni collegati<\/h5>\n<p class=\"page-fallback__text\"><strong>In.Tur. srl \/ Camping Telis<\/strong> non ha alcuna responsabilit\u00e0 per quanto riguarda i siti ai quali \u00e8 possibile accedere tramite i collegamenti posti all&#8217;interno del sito stesso, forniti come semplice servizio agli Utenti della rete. Il fatto che <strong>In.Tur. srl \/ Camping Telis<\/strong> fornisca questi collegamenti, non implica l&#8217;approvazione dei siti stessi, sulla cui qualit\u00e0, contenuti e grafica, <strong>In.Tur. srl \/ Camping Telis<\/strong> declina ogni tipo di responsabilit\u00e0. <strong>In.Tur. srl \/ Camping Telis<\/strong> non \u00e8, altres\u00ec, responsabile in merito alle informazioni ottenute dall&#8217;Utente tramite l&#8217;accesso ai siti collegati al <strong>In.Tur. srl \/ Camping Telis<\/strong> pertanto, sono responsabili, in via esclusiva, i soggetti titolari dei siti, in merito alla completezza e precisione delle informazioni ivi presenti, ai quali si accede alle condizioni previste dagli stessi.<\/p>\n<h5 class=\"com-typo__subtitle\">Download<\/h5>\n<p class=\"page-fallback__text\">Gli oggetti, prodotti, programmi e routine eventualmente presenti in questo sito per lo scaricamento (download) quali ad esempio documentazione tecnica, commerciale, software ecc. salvo diversa indicazione sono disponibili alle condizioni stabilite dal titolare. Quanto reperibile via download in questo sito \u00e8 coperto da copyright, diritti d&#8217;uso e\/o copia dei rispettivi proprietari; pertanto <strong>In.Tur. srl \/ Camping Telis<\/strong> invita a verificare condizioni di utilizzo e diritti e si ritiene esplicitamente sollevata da qualsiasi responsabilit\u00e0 in merito.<\/p>\n<h5 class=\"com-typo__subtitle\">Virus Informatici<\/h5>\n<p class=\"page-fallback__text\"><strong>In.Tur. srl \/ Camping Telis<\/strong> non garantisce che il sito sia privo di errori o virus. <strong>In.Tur. srl \/ Camping Telis<\/strong> i suoi fornitori e collaboratori non sono responsabili per i danni subiti dall&#8217;utente a causa di tali elementi di carattere distruttivo<\/p>\n<\/section>\n<\/div><\/div><\/div><\/div><\/div>\n","protected":false},"excerpt":{"rendered":"","protected":false},"author":5,"featured_media":0,"parent":0,"menu_order":0,"comment_status":"closed","ping_status":"closed","template":"","meta":{"footnotes":""},"acf":[],"_links":{"self":[{"href":"https:\/\/campingtelis.com\/en\/wp-json\/wp\/v2\/pages\/8360"}],"collection":[{"href":"https:\/\/campingtelis.com\/en\/wp-json\/wp\/v2\/pages"}],"about":[{"href":"https:\/\/campingtelis.com\/en\/wp-json\/wp\/v2\/types\/page"}],"author":[{"embeddable":true,"href":"https:\/\/campingtelis.com\/en\/wp-json\/wp\/v2\/users\/5"}],"replies":[{"embeddable":true,"href":"https:\/\/campingtelis.com\/en\/wp-json\/wp\/v2\/comments?post=8360"}],"version-history":[{"count":4,"href":"https:\/\/campingtelis.com\/en\/wp-json\/wp\/v2\/pages\/8360\/revisions"}],"predecessor-version":[{"id":8948,"href":"https:\/\/campingtelis.com\/en\/wp-json\/wp\/v2\/pages\/8360\/revisions\/8948"}],"wp:attachment":[{"href":"https:\/\/campingtelis.com\/en\/wp-json\/wp\/v2\/media?parent=8360"}],"curies":[{"name":"wp","href":"https:\/\/api.w.org\/{rel}","templated":true}]}}