{"id":6645,"date":"2022-01-04T11:13:19","date_gmt":"2022-01-04T10:13:19","guid":{"rendered":"http:\/\/campingtelis.com\/home-page\/"},"modified":"2026-02-24T11:02:30","modified_gmt":"2026-02-24T10:02:30","slug":"home-page","status":"publish","type":"page","link":"https:\/\/campingtelis.com\/fr\/","title":{"rendered":"Home page"},"content":{"rendered":"<p><div class=\"fusion-fullwidth fullwidth-box fusion-builder-row-1 fusion-flex-container nonhundred-percent-fullwidth non-hundred-percent-height-scrolling\" style=\"--awb-border-radius-top-left:0px;--awb-border-radius-top-right:0px;--awb-border-radius-bottom-right:0px;--awb-border-radius-bottom-left:0px;--awb-padding-right:0px;--awb-padding-left:0px;--awb-margin-top:0px;--awb-margin-bottom:0px;--awb-flex-wrap:wrap;\" ><div class=\"fusion-builder-row fusion-row fusion-flex-align-items-flex-start fusion-flex-content-wrap\" style=\"max-width:calc( 100% + 0px );margin-left: calc(-0px \/ 2 );margin-right: calc(-0px \/ 2 );\"><div class=\"fusion-layout-column fusion_builder_column fusion-builder-column-0 fusion_builder_column_1_1 1_1 fusion-flex-column home-slider\" style=\"--awb-padding-right:0px;--awb-padding-left:0px;--awb-bg-size:cover;--awb-width-large:100%;--awb-margin-top-large:0px;--awb-spacing-right-large:0px;--awb-margin-bottom-large:0px;--awb-spacing-left-large:0px;--awb-width-medium:100%;--awb-order-medium:0;--awb-spacing-right-medium:0px;--awb-spacing-left-medium:0px;--awb-width-small:100%;--awb-order-small:0;--awb-spacing-right-small:0px;--awb-spacing-left-small:0px;\"><div class=\"fusion-column-wrapper fusion-column-has-shadow fusion-flex-justify-content-center fusion-content-layout-column\"><div id=\"mysearchengine\" class=\"mgc-container mgc-column\"><\/div><\/div><\/div><\/div><\/div><div class=\"fusion-fullwidth fullwidth-box fusion-builder-row-2 fusion-flex-container nonhundred-percent-fullwidth non-hundred-percent-height-scrolling\" style=\"--awb-border-sizes-left:0;--awb-border-sizes-right:0;--awb-border-radius-top-left:0px;--awb-border-radius-top-right:0px;--awb-border-radius-bottom-right:0px;--awb-border-radius-bottom-left:0px;--awb-padding-top:5rem;--awb-padding-right:20rem;--awb-padding-bottom:5rem;--awb-padding-left:20rem;--awb-padding-right-small:1.5rem;--awb-padding-left-small:1.5rem;--awb-background-color:#00ced2;--awb-flex-wrap:wrap;\" ><div class=\"fusion-builder-row fusion-row fusion-flex-align-items-flex-start fusion-flex-content-wrap\" style=\"max-width:104%;margin-left: calc(-4% \/ 2 );margin-right: calc(-4% \/ 2 );\"><div class=\"fusion-layout-column fusion_builder_column fusion-builder-column-1 fusion_builder_column_1_1 1_1 fusion-flex-column\" style=\"--awb-bg-size:cover;--awb-width-large:100%;--awb-margin-top-large:0px;--awb-spacing-right-large:1.92%;--awb-margin-bottom-large:20px;--awb-spacing-left-large:1.92%;--awb-width-medium:100%;--awb-order-medium:0;--awb-spacing-right-medium:1.92%;--awb-spacing-left-medium:1.92%;--awb-width-small:100%;--awb-order-small:0;--awb-spacing-right-small:1.92%;--awb-spacing-left-small:1.92%;\"><div class=\"fusion-column-wrapper fusion-column-has-shadow fusion-flex-justify-content-flex-start fusion-content-layout-column\"><div class=\"fusion-text fusion-text-1\" style=\"--awb-text-transform:none;\"><h1 class=\"com-typo__lead-title com-typo__lead-title--white text-white\" style=\"text-align: center;\">Une terrasse au bord de la plus belle mer d&rsquo;Italie<\/h1>\n<p class=\"com-typo__text-block text-white\" style=\"text-align: center;\">Camping et Village \u00e0\u00a0<strong>Tortol\u00ec<\/strong>, dans l&rsquo;Ogliastra en\u00a0<strong>Sardaigne<\/strong>. Le camping village donne directement sur la mer, sur la petite et splendide Baie de Portufrailis, et il s&rsquo;\u00e9tend de la mer vers une colline mitoyenne d&rsquo;o\u00f9 on peut profiter d&rsquo;une vue stup\u00e9fiante sur les plages et sur les rochers, et c&rsquo;est encore plus magique si on regarde de la piscine, le restaurant et la SPA avec de l&rsquo;espace fitness.<br \/>\nLe\u00a0<strong>Centre de Vacances<\/strong>\u00a0est id\u00e9al pour des s\u00e9jours en camping, en tente et en bungalow ou en mobil-home et c&rsquo;est un point de r\u00e9f\u00e9rence pour les motocyclistes et les motards de tous les coins d&rsquo;Europe.<br \/>\nGr\u00e2ce \u00e0 une\u00a0<strong>salle de congr\u00e8s<\/strong>\u00a0moderne et prestigieuse, le village est une location parfaite pour des\u00a0<strong>meetings d&rsquo;entreprise<\/strong>.<\/p>\n<\/div><\/div><\/div><\/div><\/div><div class=\"fusion-fullwidth fullwidth-box fusion-builder-row-3 fusion-flex-container nonhundred-percent-fullwidth non-hundred-percent-height-scrolling\" style=\"--awb-border-radius-top-left:0px;--awb-border-radius-top-right:0px;--awb-border-radius-bottom-right:0px;--awb-border-radius-bottom-left:0px;--awb-padding-top:0px;--awb-padding-right:0px;--awb-padding-bottom:0px;--awb-padding-left:0px;--awb-margin-top:0px;--awb-margin-bottom:0px;--awb-flex-wrap:wrap;\" ><div class=\"fusion-builder-row fusion-row fusion-flex-align-items-flex-start fusion-flex-justify-content-space-between fusion-flex-content-wrap\" style=\"max-width:104%;margin-left: calc(-4% \/ 2 );margin-right: calc(-4% \/ 2 );\"><div class=\"fusion-layout-column fusion_builder_column fusion-builder-column-2 fusion_builder_column_1_1 1_1 fusion-flex-column\" style=\"--awb-bg-size:cover;--awb-width-large:100%;--awb-margin-top-large:0px;--awb-spacing-right-large:5px;--awb-margin-bottom-large:20px;--awb-spacing-left-large:5px;--awb-width-medium:100%;--awb-order-medium:0;--awb-spacing-right-medium:5px;--awb-spacing-left-medium:5px;--awb-width-small:100%;--awb-order-small:0;--awb-spacing-right-small:1.92%;--awb-spacing-left-small:1.92%;\"><div class=\"fusion-column-wrapper fusion-column-has-shadow fusion-flex-justify-content-flex-start fusion-content-layout-column\"><\/div><\/div><\/div><\/div><div class=\"fusion-fullwidth fullwidth-box fusion-builder-row-4 fusion-flex-container nonhundred-percent-fullwidth non-hundred-percent-height-scrolling\" style=\"--awb-border-radius-top-left:0px;--awb-border-radius-top-right:0px;--awb-border-radius-bottom-right:0px;--awb-border-radius-bottom-left:0px;--awb-padding-right:5px;--awb-padding-left:5px;--awb-flex-wrap:wrap;\" ><div class=\"fusion-builder-row fusion-row fusion-flex-align-items-flex-start fusion-flex-content-wrap\" style=\"max-width:104%;margin-left: calc(-4% \/ 2 );margin-right: calc(-4% \/ 2 );\"><div class=\"fusion-layout-column fusion_builder_column fusion-builder-column-3 fusion_builder_column_1_1 1_1 fusion-flex-column\" style=\"--awb-bg-size:cover;--awb-width-large:100%;--awb-margin-top-large:0px;--awb-spacing-right-large:0px;--awb-margin-bottom-large:20px;--awb-spacing-left-large:0px;--awb-width-medium:100%;--awb-order-medium:0;--awb-spacing-right-medium:0px;--awb-spacing-left-medium:0px;--awb-width-small:100%;--awb-order-small:0;--awb-spacing-right-small:1.92%;--awb-spacing-left-small:1.92%;\"><div class=\"fusion-column-wrapper fusion-column-has-shadow fusion-flex-justify-content-space-around fusion-content-layout-column\"><div class=\"fusion-text fusion-text-2\" style=\"--awb-text-transform:none;\"><h2 class=\"com-typo__title\" style=\"text-align: center;\">Ce qui t&rsquo;attend<\/h2>\n<\/div><div ><a class=\"fusion-button button-flat fusion-button-default-size button-custom fusion-button-default button-1 fusion-button-default-span fusion-button-default-type btn btn-red btn-full\" style=\"--button_accent_color:#ffffff;--button_border_color:#ff1744;--button_accent_hover_color:#ffffff;--button_border_hover_color:#ff1744;--button_border_width-top:1px;--button_border_width-right:1px;--button_border_width-bottom:1px;--button_border_width-left:1px;--button-border-radius-top-left:3px;--button-border-radius-top-right:3px;--button-border-radius-bottom-right:3px;--button-border-radius-bottom-left:3px;--button_gradient_top_color:#ff1744;--button_gradient_bottom_color:#ff1744;--button_gradient_top_color_hover:#d61344;--button_gradient_bottom_color_hover:#d61344;--button_font_size:3rem;--button_typography-font-family:&quot;Dancing Script&quot;;--button_typography-font-style:normal;--button_typography-font-weight:400;\" target=\"_self\" href=\"https:\/\/campingtelis.com\/fr\/photo-video\/\"><span class=\"fusion-button-text\">Voir la galerie <\/span><i class=\"fa-arrow-right fas button-icon-right\" aria-hidden=\"true\"><\/i><\/a><\/div><\/div><\/div><\/div><\/div><\/p>\n","protected":false},"excerpt":{"rendered":"","protected":false},"author":5,"featured_media":0,"parent":0,"menu_order":0,"comment_status":"closed","ping_status":"open","template":"","meta":{"footnotes":""},"acf":[],"_links":{"self":[{"href":"https:\/\/campingtelis.com\/fr\/wp-json\/wp\/v2\/pages\/6645"}],"collection":[{"href":"https:\/\/campingtelis.com\/fr\/wp-json\/wp\/v2\/pages"}],"about":[{"href":"https:\/\/campingtelis.com\/fr\/wp-json\/wp\/v2\/types\/page"}],"author":[{"embeddable":true,"href":"https:\/\/campingtelis.com\/fr\/wp-json\/wp\/v2\/users\/5"}],"replies":[{"embeddable":true,"href":"https:\/\/campingtelis.com\/fr\/wp-json\/wp\/v2\/comments?post=6645"}],"version-history":[{"count":18,"href":"https:\/\/campingtelis.com\/fr\/wp-json\/wp\/v2\/pages\/6645\/revisions"}],"predecessor-version":[{"id":9547,"href":"https:\/\/campingtelis.com\/fr\/wp-json\/wp\/v2\/pages\/6645\/revisions\/9547"}],"wp:attachment":[{"href":"https:\/\/campingtelis.com\/fr\/wp-json\/wp\/v2\/media?parent=6645"}],"curies":[{"name":"wp","href":"https:\/\/api.w.org\/{rel}","templated":true}]}}