{"id":8295,"date":"2022-04-27T10:32:54","date_gmt":"2022-04-27T08:32:54","guid":{"rendered":"http:\/\/campingtelis.com\/dove-siamo\/"},"modified":"2023-05-22T17:43:22","modified_gmt":"2023-05-22T15:43:22","slug":"camping-village-arbatax-sardaigne","status":"publish","type":"page","link":"https:\/\/campingtelis.com\/fr\/camping-village-arbatax-sardaigne\/","title":{"rendered":"O\u00f9 sommes-nous"},"content":{"rendered":"<p><div class=\"fusion-fullwidth fullwidth-box fusion-builder-row-1 fusion-flex-container banner nonhundred-percent-fullwidth non-hundred-percent-height-scrolling\" style=\"--awb-border-radius-top-left:0px;--awb-border-radius-top-right:0px;--awb-border-radius-bottom-right:0px;--awb-border-radius-bottom-left:0px;--awb-padding-top:0px;--awb-padding-right:0px;--awb-padding-bottom:0px;--awb-padding-left:0px;--awb-margin-top:0px;--awb-margin-bottom:0px;--awb-flex-wrap:wrap;\" ><div class=\"fusion-builder-row fusion-row fusion-flex-align-items-flex-start fusion-flex-content-wrap\" style=\"max-width:104%;margin-left: calc(-4% \/ 2 );margin-right: calc(-4% \/ 2 );\"><div class=\"fusion-layout-column fusion_builder_column fusion-builder-column-0 fusion_builder_column_1_1 1_1 fusion-flex-column\" style=\"--awb-bg-size:cover;--awb-width-large:100%;--awb-margin-top-large:0px;--awb-spacing-right-large:0px;--awb-margin-bottom-large:20px;--awb-spacing-left-large:0px;--awb-width-medium:100%;--awb-order-medium:0;--awb-spacing-right-medium:0px;--awb-spacing-left-medium:0px;--awb-width-small:100%;--awb-order-small:0;--awb-spacing-right-small:0px;--awb-spacing-left-small:0px;\"><div class=\"fusion-column-wrapper fusion-column-has-shadow fusion-flex-justify-content-flex-start fusion-content-layout-column\"><div class=\"fusion-image-element \" style=\"--awb-caption-title-font-family:var(--h2_typography-font-family);--awb-caption-title-font-weight:var(--h2_typography-font-weight);--awb-caption-title-font-style:var(--h2_typography-font-style);--awb-caption-title-size:var(--h2_typography-font-size);--awb-caption-title-transform:var(--h2_typography-text-transform);--awb-caption-title-line-height:var(--h2_typography-line-height);--awb-caption-title-letter-spacing:var(--h2_typography-letter-spacing);\"><span class=\" fusion-imageframe imageframe-none imageframe-1 hover-type-none\"><img decoding=\"async\" width=\"2000\" height=\"500\" title=\"banner-dove-siamo\" src=\"http:\/\/campingtelis.com\/wp-content\/uploads\/2022\/05\/banner-dove-siamo.jpg\" alt class=\"img-responsive wp-image-7440\" srcset=\"https:\/\/campingtelis.com\/wp-content\/uploads\/2022\/05\/banner-dove-siamo-200x50.jpg 200w, https:\/\/campingtelis.com\/wp-content\/uploads\/2022\/05\/banner-dove-siamo-400x100.jpg 400w, https:\/\/campingtelis.com\/wp-content\/uploads\/2022\/05\/banner-dove-siamo-600x150.jpg 600w, https:\/\/campingtelis.com\/wp-content\/uploads\/2022\/05\/banner-dove-siamo-800x200.jpg 800w, https:\/\/campingtelis.com\/wp-content\/uploads\/2022\/05\/banner-dove-siamo-1200x300.jpg 1200w, https:\/\/campingtelis.com\/wp-content\/uploads\/2022\/05\/banner-dove-siamo.jpg 2000w\" sizes=\"(max-width: 640px) 100vw, 2000px\" \/><\/span><\/div><div class=\"fusion-text fusion-text-1 banner__info\" style=\"--awb-text-transform:none;\"><h1 class=\"com-typo__lead-title com-typo__lead-title--white\">CAMPING VILLAGE ET CENTRE DE VACANCES<\/h1>\n<h2 class=\"com-typo__title\">Nous vous attendons au Camping Village Telis<\/h2>\n<\/div><\/div><\/div><\/div><\/div><div class=\"fusion-fullwidth fullwidth-box fusion-builder-row-2 fusion-flex-container nonhundred-percent-fullwidth non-hundred-percent-height-scrolling\" style=\"--awb-border-radius-top-left:0px;--awb-border-radius-top-right:0px;--awb-border-radius-bottom-right:0px;--awb-border-radius-bottom-left:0px;--awb-padding-top:2rem;--awb-padding-bottom:2rem;--awb-background-color:#f9f9f9;--awb-flex-wrap:wrap;\" ><div class=\"fusion-builder-row fusion-row fusion-flex-align-items-flex-start fusion-flex-content-wrap\" style=\"max-width:104%;margin-left: calc(-4% \/ 2 );margin-right: calc(-4% \/ 2 );\"><div class=\"fusion-layout-column fusion_builder_column fusion-builder-column-1 fusion_builder_column_1_1 1_1 fusion-flex-column\" style=\"--awb-padding-right:15rem;--awb-padding-left:15rem;--awb-padding-right-small:1.5rem;--awb-padding-left-small:1.5rem;--awb-bg-size:cover;--awb-width-large:100%;--awb-margin-top-large:0px;--awb-spacing-right-large:0px;--awb-margin-bottom-large:0px;--awb-spacing-left-large:0px;--awb-width-medium:100%;--awb-order-medium:0;--awb-spacing-right-medium:0px;--awb-spacing-left-medium:0px;--awb-width-small:100%;--awb-order-small:0;--awb-spacing-right-small:0px;--awb-spacing-left-small:0px;\"><div class=\"fusion-column-wrapper fusion-column-has-shadow fusion-flex-justify-content-flex-start fusion-content-layout-column\"><nav class=\"fusion-breadcrumbs fusion-breadcrumbs-1\" style=\"--awb-breadcrumb-sep:&#039;\/&#039;;\" aria-label=\"Breadcrumb\"><ol class=\"awb-breadcrumb-list\"><li class=\"fusion-breadcrumb-item awb-breadcrumb-sep\" ><a href=\"https:\/\/campingtelis.com\/fr\/\" class=\"fusion-breadcrumb-link\"><span >Home<\/span><\/a><\/li><\/ol><\/nav><\/div><\/div><\/div><\/div><div class=\"fusion-fullwidth fullwidth-box fusion-builder-row-3 fusion-flex-container nonhundred-percent-fullwidth non-hundred-percent-height-scrolling\" style=\"--awb-border-radius-top-left:0px;--awb-border-radius-top-right:0px;--awb-border-radius-bottom-right:0px;--awb-border-radius-bottom-left:0px;--awb-padding-top:8rem;--awb-padding-right:30rem;--awb-padding-left:30rem;--awb-padding-top-medium:3rem;--awb-padding-right-medium:5rem;--awb-padding-left-medium:5rem;--awb-padding-top-small:2rem;--awb-padding-right-small:1.5rem;--awb-padding-left-small:1.5rem;--awb-flex-wrap:wrap;\" ><div class=\"fusion-builder-row fusion-row fusion-flex-align-items-flex-start fusion-flex-content-wrap\" style=\"max-width:104%;margin-left: calc(-4% \/ 2 );margin-right: calc(-4% \/ 2 );\"><div class=\"fusion-layout-column fusion_builder_column fusion-builder-column-2 fusion_builder_column_1_1 1_1 fusion-flex-column\" style=\"--awb-bg-size:cover;--awb-width-large:100%;--awb-margin-top-large:0px;--awb-spacing-right-large:1.92%;--awb-margin-bottom-large:20px;--awb-spacing-left-large:1.92%;--awb-width-medium:100%;--awb-order-medium:0;--awb-spacing-right-medium:1.92%;--awb-spacing-left-medium:1.92%;--awb-width-small:100%;--awb-order-small:0;--awb-spacing-right-small:0px;--awb-spacing-left-small:0px;\"><div class=\"fusion-column-wrapper fusion-column-has-shadow fusion-flex-justify-content-flex-start fusion-content-layout-column\"><div class=\"fusion-text fusion-text-2\" style=\"--awb-text-transform:none;\"><h1 class=\"com-typo__title\" style=\"text-align: center;\">DO\u00f9 sommes-nous<\/h1>\n<p class=\"com-typo__text-block\" style=\"text-align: center;\">Situ\u00e9 dans la magnifique baie de Porto Frailis, le Camping Telis est compos\u00e9 d&#8217;emplacements sur des terrasses au bord d&rsquo;une des plus belles mers d&rsquo;Italie.<br \/>\nEn plein milieu des eucalyptus et des mimosas, entour\u00e9 d&rsquo;un magnifique sc\u00e9nario montagneux et du maquis m\u00e9diterran\u00e9en typique, le Camping Telis garde intact le plus pr\u00e9cis des valeurs insulaires : la chaude hospitalit\u00e9 du peuple sarde.<br \/>\nPlac\u00e9 au centre du sc\u00e9nario de l&rsquo;Ogliastria, c&rsquo;est une base id\u00e9ale pour pouvoir visiter l\u2019arri\u00e8re pays riche en paysages montagneux et marins, en folklore et en espaces arch\u00e9ologiques, en faune marine pour les amoureux de la p\u00eache sous marine et d&rsquo;inimaginables sc\u00e9narii marins pour les amoureux de la photographie.<br \/>\nCoordonn\u00e9es gps: 39.924852, 9.707140<\/p>\n<\/div><\/div><\/div><\/div><\/div><div class=\"fusion-fullwidth fullwidth-box fusion-builder-row-4 fusion-flex-container nonhundred-percent-fullwidth non-hundred-percent-height-scrolling\" style=\"--awb-border-radius-top-left:0px;--awb-border-radius-top-right:0px;--awb-border-radius-bottom-right:0px;--awb-border-radius-bottom-left:0px;--awb-padding-top:8rem;--awb-padding-right:13rem;--awb-padding-left:13rem;--awb-padding-right-medium:5rem;--awb-padding-left-medium:5rem;--awb-padding-right-small:1.5rem;--awb-padding-left-small:1.5rem;--awb-flex-wrap:wrap;\" ><div class=\"fusion-builder-row fusion-row fusion-flex-align-items-flex-start fusion-flex-content-wrap\" style=\"max-width:104%;margin-left: calc(-4% \/ 2 );margin-right: calc(-4% \/ 2 );\"><div class=\"fusion-layout-column fusion_builder_column fusion-builder-column-3 fusion_builder_column_1_1 1_1 fusion-flex-column\" style=\"--awb-bg-size:cover;--awb-width-large:100%;--awb-margin-top-large:0px;--awb-spacing-right-large:1.92%;--awb-margin-bottom-large:20px;--awb-spacing-left-large:1.92%;--awb-width-medium:100%;--awb-order-medium:0;--awb-spacing-right-medium:0px;--awb-spacing-left-medium:0px;--awb-width-small:100%;--awb-order-small:0;--awb-spacing-right-small:1.92%;--awb-spacing-left-small:1.92%;\"><div class=\"fusion-column-wrapper fusion-column-has-shadow fusion-flex-justify-content-flex-start fusion-content-layout-column\"><div class=\"fusion-tabs fusion-tabs-1 classic nav-is-justified horizontal-tabs icon-position-left mobile-mode-accordion\" style=\"--awb-title-border-radius-top-left:0px;--awb-title-border-radius-top-right:0px;--awb-title-border-radius-bottom-right:0px;--awb-title-border-radius-bottom-left:0px;--awb-inactive-color:#ffffff;--awb-background-color:#fafafb;--awb-border-color:#ffffff;--awb-active-border-color:var(--awb-color6);\"><div class=\"nav\"><ul class=\"nav-tabs nav-justified\" role=\"tablist\"><li class=\"active\" role=\"presentation\"><a class=\"tab-link\" data-toggle=\"tab\" role=\"tab\" aria-controls=\"tab-5a64fac2a47e2b7c1ca\" aria-selected=\"true\" id=\"fusion-tab-liaisonsnavales\" href=\"#tab-5a64fac2a47e2b7c1ca\"><h4 class=\"fusion-tab-heading\">Liaisons navales<\/h4><\/a><\/li><li role=\"presentation\"><a class=\"tab-link\" data-toggle=\"tab\" role=\"tab\" aria-controls=\"tab-a57901dfb06f6dd8c5b\" aria-selected=\"false\" tabindex=\"-1\" id=\"fusion-tab-liaisonsa\u00e9riennes\" href=\"#tab-a57901dfb06f6dd8c5b\"><h4 class=\"fusion-tab-heading\">Liaisons a\u00e9riennes <\/h4><\/a><\/li><li role=\"presentation\"><a class=\"tab-link\" data-toggle=\"tab\" role=\"tab\" aria-controls=\"tab-6722078441ee4817144\" aria-selected=\"false\" tabindex=\"-1\" id=\"fusion-tab-liaisonsrouti\u00e8res\" href=\"#tab-6722078441ee4817144\"><h4 class=\"fusion-tab-heading\">Liaisons routi\u00e8res <\/h4><\/a><\/li><\/ul><\/div><div class=\"tab-content\"><div class=\"nav fusion-mobile-tab-nav\"><ul class=\"nav-tabs nav-justified\" role=\"tablist\"><li class=\"active\" role=\"presentation\"><a class=\"tab-link\" data-toggle=\"tab\" role=\"tab\" aria-controls=\"tab-5a64fac2a47e2b7c1ca\" aria-selected=\"true\" id=\"mobile-fusion-tab-liaisonsnavales\" href=\"#tab-5a64fac2a47e2b7c1ca\"><h4 class=\"fusion-tab-heading\">Liaisons navales<\/h4><\/a><\/li><\/ul><\/div><div class=\"tab-pane fade fusion-clearfix in active\" role=\"tabpanel\" tabindex=\"0\" aria-labelledby=\"fusion-tab-liaisonsnavales\" id=\"tab-5a64fac2a47e2b7c1ca\">\n<p>G\u00eanes &#8211; Arbarax (lundi et vendredi) Arbatax &#8211; G\u00eanes (le mardi et le samedi)<br \/>\nCivitavecchia &#8211; Arbatax (mercredi et vendredi) Arbatax &#8211; Civitavecchia (mercredi et dimanche)<br \/>\nG\u00eanes &#8211; Olbia (tous les jours)<br \/>\nCivitavecchia &#8211; Olbia (tous les jours)<br \/>\nLivourne &#8211; Golf Arranci (tous les jours)<\/p>\n<\/div><div class=\"nav fusion-mobile-tab-nav\"><ul class=\"nav-tabs nav-justified\" role=\"tablist\"><li role=\"presentation\"><a class=\"tab-link\" data-toggle=\"tab\" role=\"tab\" aria-controls=\"tab-a57901dfb06f6dd8c5b\" aria-selected=\"false\" tabindex=\"-1\" id=\"mobile-fusion-tab-liaisonsa\u00e9riennes\" href=\"#tab-a57901dfb06f6dd8c5b\"><h4 class=\"fusion-tab-heading\">Liaisons a\u00e9riennes <\/h4><\/a><\/li><\/ul><\/div><div class=\"tab-pane fade fusion-clearfix\" role=\"tabpanel\" tabindex=\"0\" aria-labelledby=\"fusion-tab-liaisonsa\u00e9riennes\" id=\"tab-a57901dfb06f6dd8c5b\">\n<p>A\u00e9roport de Cagliari Elmas, 144 km<br \/>\nA\u00e9roport d&rsquo;Olbia Costa Smeralda, 184 km<br \/>\nA\u00e9roport d&rsquo;Alghero Fertilia, 220 km<\/p>\n<\/div><div class=\"nav fusion-mobile-tab-nav\"><ul class=\"nav-tabs nav-justified\" role=\"tablist\"><li role=\"presentation\"><a class=\"tab-link\" data-toggle=\"tab\" role=\"tab\" aria-controls=\"tab-6722078441ee4817144\" aria-selected=\"false\" tabindex=\"-1\" id=\"mobile-fusion-tab-liaisonsrouti\u00e8res\" href=\"#tab-6722078441ee4817144\"><h4 class=\"fusion-tab-heading\">Liaisons routi\u00e8res <\/h4><\/a><\/li><\/ul><\/div><div class=\"tab-pane fade fusion-clearfix\" role=\"tabpanel\" tabindex=\"0\" aria-labelledby=\"fusion-tab-liaisonsrouti\u00e8res\" id=\"tab-6722078441ee4817144\">\n<p>Pour ceux qui d\u00e9barquent dans le Golf Aranci et Olbia, suivre l&rsquo;indication en direction de Nuoro. Depuis la sortie pour Olbia suivre \u00e0 droite en direction de Sassari (indication Nuoro 4 voies)et laisser l&rsquo;a\u00e9roport sur la gauche. 1 km apr\u00e8s environ, tourner \u00e0 droite vers Nuoro. Une fois \u00e0 c\u00f4t\u00e9 de Nuoro, tourner \u00e0 la 2\u00b0 sortie pour Nuoro-Ospedale, au bout de quelques centaines de m\u00e8tres, tourner \u00e0 droite en direction de Lanusei-Arbatax. Au bout de 55 km environ apr\u00e8s Nuoro, la voie rapide s&rsquo;ach\u00e8ve et \u00e0 c\u00f4t\u00e9 du croisement tourner \u00e0 gauche en direction de Villagrande-Tortol\u00ec (24 km). A l&rsquo;entr\u00e9e de Tortol\u00ec suivre Arbatax pendant 3 km environ puis aller \u00e0 droite vers la Baie de Portu Frailis.<br \/>\nPour ceux qui d\u00e9barquent de Cagliari suivre la S.S. 125 jusqu&rsquo;\u00e0 Tortol\u00ec. Oristano &#8211; Arbatax (S.S. 131 km. 179) Alghero &#8211; Arbatax (S.S.131km. 206)<\/p>\n<\/div><\/div><\/div><\/div><\/div><\/div><\/div><\/p>\n","protected":false},"excerpt":{"rendered":"","protected":false},"author":5,"featured_media":0,"parent":0,"menu_order":0,"comment_status":"closed","ping_status":"closed","template":"","meta":{"footnotes":""},"acf":[],"_links":{"self":[{"href":"https:\/\/campingtelis.com\/fr\/wp-json\/wp\/v2\/pages\/8295"}],"collection":[{"href":"https:\/\/campingtelis.com\/fr\/wp-json\/wp\/v2\/pages"}],"about":[{"href":"https:\/\/campingtelis.com\/fr\/wp-json\/wp\/v2\/types\/page"}],"author":[{"embeddable":true,"href":"https:\/\/campingtelis.com\/fr\/wp-json\/wp\/v2\/users\/5"}],"replies":[{"embeddable":true,"href":"https:\/\/campingtelis.com\/fr\/wp-json\/wp\/v2\/comments?post=8295"}],"version-history":[{"count":6,"href":"https:\/\/campingtelis.com\/fr\/wp-json\/wp\/v2\/pages\/8295\/revisions"}],"predecessor-version":[{"id":8572,"href":"https:\/\/campingtelis.com\/fr\/wp-json\/wp\/v2\/pages\/8295\/revisions\/8572"}],"wp:attachment":[{"href":"https:\/\/campingtelis.com\/fr\/wp-json\/wp\/v2\/media?parent=8295"}],"curies":[{"name":"wp","href":"https:\/\/api.w.org\/{rel}","templated":true}]}}